{"id":5753,"date":"2024-09-05T17:34:34","date_gmt":"2024-09-05T15:34:34","guid":{"rendered":"https:\/\/nela.care\/kontakt\/"},"modified":"2024-10-01T15:12:07","modified_gmt":"2024-10-01T13:12:07","slug":"kontakt","status":"publish","type":"page","link":"https:\/\/nela.care\/de\/kontakt\/","title":{"rendered":"Kontakt"},"content":{"rendered":"<p>[et_pb_section fb_built=&#8220;1&#8243; custom_padding_last_edited=&#8220;on|phone&#8220; admin_label=&#8220;Section&#8220; _builder_version=&#8220;4.27.0&#8243; background_color=&#8220;#F1F4F7&#8243; use_background_color_gradient=&#8220;on&#8220; background_color_gradient_stops=&#8220;#ffffff 0%|#f1f4f7 100%&#8220; custom_padding=&#8220;30px||30px||true|false&#8220; custom_padding_tablet=&#8220;30px||30px||true|false&#8220; custom_padding_phone=&#8220;10px||10px||true|false&#8220; da_disable_devices=&#8220;off|off|off&#8220; global_colors_info=&#8220;{}&#8220; da_is_popup=&#8220;off&#8220; da_exit_intent=&#8220;off&#8220; da_has_close=&#8220;on&#8220; da_alt_close=&#8220;off&#8220; da_dark_close=&#8220;off&#8220; da_not_modal=&#8220;on&#8220; da_is_singular=&#8220;off&#8220; da_with_loader=&#8220;off&#8220; da_has_shadow=&#8220;on&#8220;][et_pb_row _builder_version=&#8220;4.16&#8243; background_size=&#8220;initial&#8220; background_position=&#8220;top_left&#8220; background_repeat=&#8220;repeat&#8220; global_colors_info=&#8220;{}&#8220;][et_pb_column type=&#8220;4_4&#8243; _builder_version=&#8220;4.16&#8243; custom_padding=&#8220;|||&#8220; global_colors_info=&#8220;{}&#8220; custom_padding__hover=&#8220;|||&#8220;][et_pb_text _builder_version=&#8220;4.27.0&#8243; header_text_align=&#8220;center&#8220; header_text_color=&#8220;#160B2D&#8220; header_font_size=&#8220;44px&#8220; header_line_height=&#8220;1.4em&#8220; background_size=&#8220;initial&#8220; background_position=&#8220;top_left&#8220; background_repeat=&#8220;repeat&#8220; header_font_size_tablet=&#8220;44px&#8220; header_font_size_phone=&#8220;30px&#8220; header_font_size_last_edited=&#8220;on|phone&#8220; global_colors_info=&#8220;{}&#8220;]<\/p>\n<h1>Mehr \u00fcber NELA erfahren &#8211;<br \/>\n<span style=\"color: #9a43ff;\">Nehmen Sie mit uns Kontakt auf<\/span><\/h1>\n<p>[\/et_pb_text][\/et_pb_column][\/et_pb_row][\/et_pb_section][et_pb_section fb_built=&#8220;1&#8243; fullwidth=&#8220;on&#8220; disabled_on=&#8220;off|off|on&#8220; _builder_version=&#8220;4.27.0&#8243; _module_preset=&#8220;default&#8220; da_disable_devices=&#8220;off|off|off&#8220; global_colors_info=&#8220;{}&#8220; da_is_popup=&#8220;off&#8220; da_exit_intent=&#8220;off&#8220; da_has_close=&#8220;on&#8220; da_alt_close=&#8220;off&#8220; da_dark_close=&#8220;off&#8220; da_not_modal=&#8220;on&#8220; da_is_singular=&#8220;off&#8220; da_with_loader=&#8220;off&#8220; da_has_shadow=&#8220;on&#8220;][et_pb_fullwidth_image src=&#8220;https:\/\/nela.care\/wp-content\/uploads\/2024\/09\/Nela_Kontakt_1200x350.webp&#8220; title_text=&#8220;Nela_Kontakt_1200x350&#8243; disabled_on=&#8220;off|on|on&#8220; _builder_version=&#8220;4.27.0&#8243; _module_preset=&#8220;default&#8220; module_alignment=&#8220;center&#8220; global_colors_info=&#8220;{}&#8220;][\/et_pb_fullwidth_image][\/et_pb_section][et_pb_section fb_built=&#8220;1&#8243; admin_label=&#8220;Section&#8220; _builder_version=&#8220;4.27.0&#8243; _module_preset=&#8220;default&#8220; custom_margin=&#8220;0px||||false|false&#8220; custom_padding=&#8220;0px||60px||false|false&#8220; da_disable_devices=&#8220;off|off|off&#8220; global_colors_info=&#8220;{}&#8220; da_is_popup=&#8220;off&#8220; da_exit_intent=&#8220;off&#8220; da_has_close=&#8220;on&#8220; da_alt_close=&#8220;off&#8220; da_dark_close=&#8220;off&#8220; da_not_modal=&#8220;on&#8220; da_is_singular=&#8220;off&#8220; da_with_loader=&#8220;off&#8220; da_has_shadow=&#8220;on&#8220;][et_pb_row disabled_on=&#8220;on|on|off&#8220; _builder_version=&#8220;4.27.0&#8243; _module_preset=&#8220;default&#8220; custom_margin=&#8220;0px||||false|false&#8220; custom_padding=&#8220;0px||||false|false&#8220; global_colors_info=&#8220;{}&#8220;][et_pb_column type=&#8220;4_4&#8243; _builder_version=&#8220;4.27.0&#8243; _module_preset=&#8220;default&#8220; global_colors_info=&#8220;{}&#8220;][et_pb_image src=&#8220;https:\/\/nela.care\/wp-content\/uploads\/2024\/09\/Nela_Kontakt_1200x350.webp&#8220; title_text=&#8220;Nela_Kontakt_1200x350&#8243; align=&#8220;center&#8220; _builder_version=&#8220;4.27.0&#8243; _module_preset=&#8220;default&#8220; max_height=&#8220;600px&#8220; border_radii=&#8220;off|||50px|50px&#8220; global_colors_info=&#8220;{}&#8220;][\/et_pb_image][\/et_pb_column][\/et_pb_row][et_pb_row _builder_version=&#8220;4.27.0&#8243; _module_preset=&#8220;default&#8220; global_colors_info=&#8220;{}&#8220;][et_pb_column type=&#8220;4_4&#8243; _builder_version=&#8220;4.27.0&#8243; _module_preset=&#8220;default&#8220; global_colors_info=&#8220;{}&#8220;][et_pb_text _builder_version=&#8220;4.27.0&#8243; _module_preset=&#8220;default&#8220; text_line_height=&#8220;2em&#8220; ul_line_height=&#8220;2em&#8220; text_orientation=&#8220;center&#8220; global_colors_info=&#8220;{}&#8220;]Sie sind interessiert und wollen mehr Informationen oder gleich ein pers\u00f6nliches Beratungsgespr\u00e4ch vereinbaren?<br \/>\nDann senden Sie jetzt Ihre Anfrage.[\/et_pb_text][\/et_pb_column][\/et_pb_row][et_pb_row column_structure=&#8220;1_2,1_2&#8243; module_id=&#8220;consultation&#8220; _builder_version=&#8220;4.27.0&#8243; _module_preset=&#8220;default&#8220; width=&#8220;60%&#8220; width_tablet=&#8220;60%&#8220; width_phone=&#8220;80%&#8220; width_last_edited=&#8220;on|phone&#8220; global_colors_info=&#8220;{}&#8220;][et_pb_column type=&#8220;1_2&#8243; _builder_version=&#8220;4.27.0&#8243; _module_preset=&#8220;default&#8220; global_colors_info=&#8220;{}&#8220;][et_pb_text _builder_version=&#8220;4.27.0&#8243; _module_preset=&#8220;default&#8220; header_3_text_align=&#8220;center&#8220; header_3_text_color=&#8220;#5829B5&#8243; header_3_font_size=&#8220;20px&#8220; global_colors_info=&#8220;{}&#8220;]<\/p>\n<h3>Vereinbarung eines Beratungstermins<\/h3>\n<p>[\/et_pb_text][\/et_pb_column][et_pb_column type=&#8220;1_2&#8243; _builder_version=&#8220;4.27.0&#8243; _module_preset=&#8220;default&#8220; global_colors_info=&#8220;{}&#8220;][et_pb_text _builder_version=&#8220;4.27.0&#8243; _module_preset=&#8220;default&#8220; header_3_text_align=&#8220;center&#8220; header_3_text_color=&#8220;#000000&#8243; header_3_font_size=&#8220;20px&#8220; link_option_url=&#8220;https:\/\/nela.care\/contact-info\/#information&#8220; global_colors_info=&#8220;{}&#8220;]<\/p>\n<h3>Anforderung von Infomaterial zu NELA<\/h3>\n<p>[\/et_pb_text][\/et_pb_column][\/et_pb_row][et_pb_row _builder_version=&#8220;4.27.0&#8243; _module_preset=&#8220;default&#8220; background_color=&#8220;#F1F4F7&#8243; width=&#8220;60%&#8220; width_tablet=&#8220;60%&#8220; width_phone=&#8220;95%&#8220; width_last_edited=&#8220;on|phone&#8220; custom_margin=&#8220;30px||||false|false&#8220; custom_padding=&#8220;40px|40px|40px|40px|true|true&#8220; border_radii=&#8220;on|30px|30px|30px|30px&#8220; global_colors_info=&#8220;{}&#8220;][et_pb_column type=&#8220;4_4&#8243; _builder_version=&#8220;4.27.0&#8243; _module_preset=&#8220;default&#8220; global_colors_info=&#8220;{}&#8220;][et_pb_text _builder_version=&#8220;4.27.0&#8243; _module_preset=&#8220;default&#8220; header_text_align=&#8220;center&#8220; header_3_text_align=&#8220;center&#8220; global_colors_info=&#8220;{}&#8220;]<\/p>\n<h3>Ich m\u00f6chte einen Beratungstermin zu &#8230;<\/h3>\n<p>[\/et_pb_text][et_pb_contact_form use_spam_service=&#8220;on&#8220; recaptcha_list=&#8220;NELA|NELA-0&#8243; email=&#8220;info@nela.care&#8220; custom_message=&#8220;Make an appointment for a consultation||et_pb_line_break_holder||New Message From Nela Website (German Version):||et_pb_line_break_holder||||et_pb_line_break_holder||Information About: %%checkbox%%||et_pb_line_break_holder||From: %%name%% %%surname%%||et_pb_line_break_holder||Email: %%email%%||et_pb_line_break_holder||Telephone: %%telephone%%||et_pb_line_break_holder||||et_pb_line_break_holder||Callback date: %%date%%||et_pb_line_break_holder||Time: %%time%%||et_pb_line_break_holder||||et_pb_line_break_holder||Message:||et_pb_line_break_holder||%%message%%&#8220; success_message=&#8220;Vielen Dank, dass Sie uns kontaktiert haben. Das NELA-Team wird sich so schnell wie m\u00f6glich bei Ihnen melden. Beste gr\u00fc\u00dfe  &#8220; submit_button_text=&#8220;Jetzt senden&#8220; module_class=&#8220;pa-checkboxes-radio-buttons-inline&#8220; _builder_version=&#8220;4.27.0&#8243; _module_preset=&#8220;default&#8220; _unique_id=&#8220;b1d8c953-8911-406d-8040-bd6fccda902b&#8220; form_field_background_color=&#8220;#FFFFFF&#8220; form_field_text_color=&#8220;#160B2D&#8220; form_field_font_size=&#8220;16px&#8220; custom_button=&#8220;on&#8220; button_text_size=&#8220;19px&#8220; button_text_color=&#8220;#FFFFFF&#8220; button_bg_color=&#8220;#9A43FF&#8220; button_border_color=&#8220;#9A43FF&#8220; button_border_radius=&#8220;24px&#8220; button_font=&#8220;Gilroy-ExtraBold||||||||&#8220; button_custom_margin=&#8220;30px||||false|false&#8220; border_radii=&#8220;on|20px|20px|20px|20px&#8220; locked=&#8220;off&#8220; global_colors_info=&#8220;{}&#8220; button_border_width__hover_enabled=&#8220;on|desktop&#8220; button_border_width__hover=&#8220;2px&#8220;][et_pb_contact_field field_id=&#8220;checkbox&#8220; field_title=&#8220;Kontrollk\u00e4stchen&#8220; field_type=&#8220;checkbox&#8220; checkbox_options=&#8220;%91{%22value%22:%22NELA f\u00fcr Betroffene%22,%22checked%22:0,%22dragID%22:-1},{%22value%22:%22NELA f\u00fcr Fachkreise%22,%22checked%22:0,%22dragID%22:0},{%22value%22:%22NELA f\u00fcr Forschung%22,%22checked%22:0,%22dragID%22:1},{%22value%22:%22NELA Community%22,%22checked%22:0,%22dragID%22:2}%93&#8243; required_mark=&#8220;off&#8220; fullwidth_field=&#8220;on&#8220; _builder_version=&#8220;4.27.0&#8243; _module_preset=&#8220;default&#8220; form_field_text_color=&#8220;#5829B5&#8243; form_field_font=&#8220;|700|||||||&#8220; form_field_text_align_last_edited=&#8220;off|desktop&#8220; custom_css_free_form=&#8220;selector .et_pb_contact_field_options_title {||    display: none;||}&#8220; border_radii=&#8220;on|0px|0px|0px|0px&#8220; global_colors_info=&#8220;{}&#8220;][\/et_pb_contact_field][et_pb_contact_field field_id=&#8220;name&#8220; field_title=&#8220;Ihr Vorname *&#8220; _builder_version=&#8220;4.27.0&#8243; global_colors_info=&#8220;{}&#8220; button_text_size__hover_enabled=&#8220;off&#8220; button_one_text_size__hover_enabled=&#8220;off&#8220; button_two_text_size__hover_enabled=&#8220;off&#8220; button_text_color__hover_enabled=&#8220;off&#8220; button_one_text_color__hover_enabled=&#8220;off&#8220; button_two_text_color__hover_enabled=&#8220;off&#8220; button_border_width__hover_enabled=&#8220;off&#8220; button_one_border_width__hover_enabled=&#8220;off&#8220; button_two_border_width__hover_enabled=&#8220;off&#8220; button_border_color__hover_enabled=&#8220;off&#8220; button_one_border_color__hover_enabled=&#8220;off&#8220; button_two_border_color__hover_enabled=&#8220;off&#8220; button_border_radius__hover_enabled=&#8220;off&#8220; button_one_border_radius__hover_enabled=&#8220;off&#8220; button_two_border_radius__hover_enabled=&#8220;off&#8220; button_letter_spacing__hover_enabled=&#8220;off&#8220; button_one_letter_spacing__hover_enabled=&#8220;off&#8220; button_two_letter_spacing__hover_enabled=&#8220;off&#8220; button_bg_color__hover_enabled=&#8220;off&#8220; button_one_bg_color__hover_enabled=&#8220;off&#8220; button_two_bg_color__hover_enabled=&#8220;off&#8220;][\/et_pb_contact_field][et_pb_contact_field field_id=&#8220;surname&#8220; field_title=&#8220;Ihr Nachname *&#8220; _builder_version=&#8220;4.27.0&#8243; global_colors_info=&#8220;{}&#8220; button_text_size__hover_enabled=&#8220;off&#8220; button_one_text_size__hover_enabled=&#8220;off&#8220; button_two_text_size__hover_enabled=&#8220;off&#8220; button_text_color__hover_enabled=&#8220;off&#8220; button_one_text_color__hover_enabled=&#8220;off&#8220; button_two_text_color__hover_enabled=&#8220;off&#8220; button_border_width__hover_enabled=&#8220;off&#8220; button_one_border_width__hover_enabled=&#8220;off&#8220; button_two_border_width__hover_enabled=&#8220;off&#8220; button_border_color__hover_enabled=&#8220;off&#8220; button_one_border_color__hover_enabled=&#8220;off&#8220; button_two_border_color__hover_enabled=&#8220;off&#8220; button_border_radius__hover_enabled=&#8220;off&#8220; button_one_border_radius__hover_enabled=&#8220;off&#8220; button_two_border_radius__hover_enabled=&#8220;off&#8220; button_letter_spacing__hover_enabled=&#8220;off&#8220; button_one_letter_spacing__hover_enabled=&#8220;off&#8220; button_two_letter_spacing__hover_enabled=&#8220;off&#8220; button_bg_color__hover_enabled=&#8220;off&#8220; button_one_bg_color__hover_enabled=&#8220;off&#8220; button_two_bg_color__hover_enabled=&#8220;off&#8220;][\/et_pb_contact_field][et_pb_contact_field field_id=&#8220;email&#8220; field_title=&#8220;E-Mail * (example@mail.com)&#8220; field_type=&#8220;email&#8220; _builder_version=&#8220;4.27.0&#8243; global_colors_info=&#8220;{}&#8220; button_text_size__hover_enabled=&#8220;off&#8220; button_one_text_size__hover_enabled=&#8220;off&#8220; button_two_text_size__hover_enabled=&#8220;off&#8220; button_text_color__hover_enabled=&#8220;off&#8220; button_one_text_color__hover_enabled=&#8220;off&#8220; button_two_text_color__hover_enabled=&#8220;off&#8220; button_border_width__hover_enabled=&#8220;off&#8220; button_one_border_width__hover_enabled=&#8220;off&#8220; button_two_border_width__hover_enabled=&#8220;off&#8220; button_border_color__hover_enabled=&#8220;off&#8220; button_one_border_color__hover_enabled=&#8220;off&#8220; button_two_border_color__hover_enabled=&#8220;off&#8220; button_border_radius__hover_enabled=&#8220;off&#8220; button_one_border_radius__hover_enabled=&#8220;off&#8220; button_two_border_radius__hover_enabled=&#8220;off&#8220; button_letter_spacing__hover_enabled=&#8220;off&#8220; button_one_letter_spacing__hover_enabled=&#8220;off&#8220; button_two_letter_spacing__hover_enabled=&#8220;off&#8220; button_bg_color__hover_enabled=&#8220;off&#8220; button_one_bg_color__hover_enabled=&#8220;off&#8220; button_two_bg_color__hover_enabled=&#8220;off&#8220;][\/et_pb_contact_field][et_pb_contact_field field_id=&#8220;telephone&#8220; field_title=&#8220;Telefonnummer *&#8220; _builder_version=&#8220;4.27.0&#8243; _module_preset=&#8220;default&#8220; global_colors_info=&#8220;{}&#8220;][\/et_pb_contact_field][et_pb_contact_field field_id=&#8220;date&#8220; field_title=&#8220;R\u00fcckrufdatum&#8220; required_mark=&#8220;off&#8220; _builder_version=&#8220;4.27.0&#8243; _module_preset=&#8220;default&#8220; attach_advanced_fields=&#8220;on&#8220; attach_field_type=&#8220;datepicker&#8220; daff_datepicker_color=&#8220;#9A43FF&#8220; daff_enable_icon=&#8220;on&#8220; daff_field_icon=&#8220;&#xf073;||fa||400&#8243; global_colors_info=&#8220;{}&#8220;][\/et_pb_contact_field][et_pb_contact_field field_id=&#8220;time&#8220; field_title=&#8220;Uhrzeit&#8220; field_type=&#8220;select&#8220; select_options=&#8220;%91{%22value%22:%2209:00%22,%22checked%22:0,%22dragID%22:-1},{%22value%22:%2209:30%22,%22checked%22:0,%22dragID%22:0},{%22value%22:%2210:00%22,%22checked%22:0,%22dragID%22:1},{%22value%22:%2210:30%22,%22checked%22:0,%22dragID%22:2},{%22value%22:%2211:00%22,%22checked%22:0,%22dragID%22:3},{%22value%22:%2211:30%22,%22checked%22:0,%22dragID%22:4},{%22value%22:%2212:00%22,%22checked%22:0,%22dragID%22:5},{%22value%22:%2212:30%22,%22checked%22:0,%22dragID%22:6},{%22value%22:%2213:00%22,%22checked%22:0,%22dragID%22:7},{%22value%22:%2213:30%22,%22checked%22:0,%22dragID%22:8},{%22value%22:%2214:00%22,%22checked%22:0,%22dragID%22:9},{%22value%22:%2214:30%22,%22checked%22:0,%22dragID%22:10},{%22value%22:%2215:00%22,%22checked%22:0,%22dragID%22:11},{%22value%22:%2215:30%22,%22checked%22:0,%22dragID%22:12},{%22value%22:%2216:00%22,%22checked%22:0,%22dragID%22:13},{%22value%22:%2216:30%22,%22checked%22:0,%22dragID%22:14},{%22value%22:%2217:00%22,%22checked%22:0,%22dragID%22:15},{%22value%22:%2217:30%22,%22checked%22:0,%22dragID%22:16},{%22value%22:%2218:00%22,%22checked%22:0,%22dragID%22:17}%93&#8243; required_mark=&#8220;off&#8220; _builder_version=&#8220;4.27.0&#8243; _module_preset=&#8220;default&#8220; global_colors_info=&#8220;{}&#8220;][\/et_pb_contact_field][et_pb_contact_field field_id=&#8220;message&#8220; field_title=&#8220;Nachricht (Haben Sie noch eine spezifische Frage ?)&#8220; field_type=&#8220;text&#8220; required_mark=&#8220;off&#8220; fullwidth_field=&#8220;on&#8220; _builder_version=&#8220;4.27.0&#8243; global_colors_info=&#8220;{}&#8220; button_text_size__hover_enabled=&#8220;off&#8220; button_one_text_size__hover_enabled=&#8220;off&#8220; button_two_text_size__hover_enabled=&#8220;off&#8220; button_text_color__hover_enabled=&#8220;off&#8220; button_one_text_color__hover_enabled=&#8220;off&#8220; button_two_text_color__hover_enabled=&#8220;off&#8220; button_border_width__hover_enabled=&#8220;off&#8220; button_one_border_width__hover_enabled=&#8220;off&#8220; button_two_border_width__hover_enabled=&#8220;off&#8220; button_border_color__hover_enabled=&#8220;off&#8220; button_one_border_color__hover_enabled=&#8220;off&#8220; button_two_border_color__hover_enabled=&#8220;off&#8220; button_border_radius__hover_enabled=&#8220;off&#8220; button_one_border_radius__hover_enabled=&#8220;off&#8220; button_two_border_radius__hover_enabled=&#8220;off&#8220; button_letter_spacing__hover_enabled=&#8220;off&#8220; button_one_letter_spacing__hover_enabled=&#8220;off&#8220; button_two_letter_spacing__hover_enabled=&#8220;off&#8220; button_bg_color__hover_enabled=&#8220;off&#8220; button_one_bg_color__hover_enabled=&#8220;off&#8220; button_two_bg_color__hover_enabled=&#8220;off&#8220;][\/et_pb_contact_field][et_pb_contact_field field_id=&#8220;privacy&#8220; field_title=&#8220;Privacy&#8220; field_type=&#8220;checkbox&#8220; checkbox_options=&#8220;%91{%22value%22:%22Ich habe die Datenschutzerkl\u00e4rung sowie die Informationen zum Widerrufsrecht und zu den Verantwortlichen zur Kenntnis genommen.%22,%22checked%22:1,%22dragID%22:-1,%22link_url%22:%22https:\/\/nela.care\/privacy-policy\/%22}%93&#8243; fullwidth_field=&#8220;on&#8220; _builder_version=&#8220;4.27.0&#8243; _module_preset=&#8220;default&#8220; form_field_font_size=&#8220;14px&#8220; custom_margin=&#8220;||5px||false|false&#8220; custom_css_free_form=&#8220;selector .et_pb_contact_field_options_title {||    display: none;||}&#8220; border_radii=&#8220;on|0px|0px|0px|0px&#8220; global_colors_info=&#8220;{}&#8220;][\/et_pb_contact_field][et_pb_contact_field field_id=&#8220;information&#8220; field_title=&#8220;Information&#8220; field_type=&#8220;checkbox&#8220; checkbox_options=&#8220;%91{%22value%22:%22Ich willige ein, dass ich per E-Mail Informationen rund um NELA erhalten werde.%22,%22checked%22:0,%22dragID%22:-1,%22link_url%22:%22%22}%93&#8243; required_mark=&#8220;off&#8220; fullwidth_field=&#8220;on&#8220; _builder_version=&#8220;4.27.0&#8243; _module_preset=&#8220;default&#8220; form_field_font_size=&#8220;14px&#8220; custom_margin=&#8220;0px||||false|false&#8220; custom_padding=&#8220;||||false|false&#8220; custom_css_free_form=&#8220;selector .et_pb_contact_field_options_title {||    display: none;||}&#8220; border_radii=&#8220;on|0px|0px|0px|0px&#8220; global_colors_info=&#8220;{}&#8220;][\/et_pb_contact_field][\/et_pb_contact_form][\/et_pb_column][\/et_pb_row][\/et_pb_section]<\/p>\n","protected":false},"excerpt":{"rendered":"<p>Mehr \u00fcber NELA erfahren &#8211; Nehmen Sie mit uns Kontakt aufSie sind interessiert und wollen mehr Informationen oder gleich ein pers\u00f6nliches Beratungsgespr\u00e4ch vereinbaren? Dann senden Sie jetzt Ihre Anfrage.Vereinbarung eines BeratungsterminsAnforderung von Infomaterial zu NELAIch m\u00f6chte einen Beratungstermin zu &#8230;<\/p>\n","protected":false},"author":1,"featured_media":0,"parent":0,"menu_order":0,"comment_status":"closed","ping_status":"closed","template":"","meta":{"_et_pb_use_builder":"on","_et_pb_old_content":"","_et_gb_content_width":"","footnotes":""},"class_list":["post-5753","page","type-page","status-publish","hentry"],"yoast_head":"<!-- This site is optimized with the Yoast SEO plugin v27.4 - https:\/\/yoast.com\/product\/yoast-seo-wordpress\/ -->\n<title>Kontakt Nela | Carepath Technologies | Berlin<\/title>\n<meta name=\"description\" content=\"Kontakt Nela | Carepath Technologies | Berlin. Unser Ziel: Technologie einen wesentlichen Beitrag zur Gesundheitsversorgung leisten.\" \/>\n<meta name=\"robots\" content=\"index, follow, max-snippet:-1, max-image-preview:large, max-video-preview:-1\" \/>\n<link rel=\"canonical\" href=\"https:\/\/nela.care\/de\/kontakt\/\" \/>\n<meta property=\"og:locale\" content=\"de_DE\" \/>\n<meta property=\"og:type\" content=\"article\" \/>\n<meta property=\"og:title\" content=\"Kontakt Nela | Carepath Technologies | Berlin\" \/>\n<meta property=\"og:description\" content=\"Kontakt Nela | Carepath Technologies | Berlin. Unser Ziel: Technologie einen wesentlichen Beitrag zur Gesundheitsversorgung leisten.\" \/>\n<meta property=\"og:url\" content=\"https:\/\/nela.care\/de\/kontakt\/\" \/>\n<meta property=\"og:site_name\" content=\"Nela\" \/>\n<meta property=\"article:modified_time\" content=\"2024-10-01T13:12:07+00:00\" \/>\n<meta name=\"twitter:card\" content=\"summary_large_image\" \/>\n<meta name=\"twitter:label1\" content=\"Gesch\u00e4tzte Lesezeit\" \/>\n\t<meta name=\"twitter:data1\" content=\"1\u00a0Minute\" \/>\n<script type=\"application\/ld+json\" class=\"yoast-schema-graph\">{\"@context\":\"https:\\\/\\\/schema.org\",\"@graph\":[{\"@type\":\"WebPage\",\"@id\":\"https:\\\/\\\/nela.care\\\/de\\\/kontakt\\\/\",\"url\":\"https:\\\/\\\/nela.care\\\/de\\\/kontakt\\\/\",\"name\":\"Kontakt Nela | Carepath Technologies | Berlin\",\"isPartOf\":{\"@id\":\"https:\\\/\\\/nela.care\\\/#website\"},\"datePublished\":\"2024-09-05T15:34:34+00:00\",\"dateModified\":\"2024-10-01T13:12:07+00:00\",\"description\":\"Kontakt Nela | Carepath Technologies | Berlin. Unser Ziel: Technologie einen wesentlichen Beitrag zur Gesundheitsversorgung leisten.\",\"breadcrumb\":{\"@id\":\"https:\\\/\\\/nela.care\\\/de\\\/kontakt\\\/#breadcrumb\"},\"inLanguage\":\"de\",\"potentialAction\":[{\"@type\":\"ReadAction\",\"target\":[\"https:\\\/\\\/nela.care\\\/de\\\/kontakt\\\/\"]}]},{\"@type\":\"BreadcrumbList\",\"@id\":\"https:\\\/\\\/nela.care\\\/de\\\/kontakt\\\/#breadcrumb\",\"itemListElement\":[{\"@type\":\"ListItem\",\"position\":1,\"name\":\"Home\",\"item\":\"https:\\\/\\\/nela.care\\\/de\\\/\"},{\"@type\":\"ListItem\",\"position\":2,\"name\":\"Kontakt\"}]},{\"@type\":\"WebSite\",\"@id\":\"https:\\\/\\\/nela.care\\\/#website\",\"url\":\"https:\\\/\\\/nela.care\\\/\",\"name\":\"Nela\",\"description\":\"The Answer to Chronic Cough\",\"publisher\":{\"@id\":\"https:\\\/\\\/nela.care\\\/#organization\"},\"potentialAction\":[{\"@type\":\"SearchAction\",\"target\":{\"@type\":\"EntryPoint\",\"urlTemplate\":\"https:\\\/\\\/nela.care\\\/?s={search_term_string}\"},\"query-input\":{\"@type\":\"PropertyValueSpecification\",\"valueRequired\":true,\"valueName\":\"search_term_string\"}}],\"inLanguage\":\"de\"},{\"@type\":\"Organization\",\"@id\":\"https:\\\/\\\/nela.care\\\/#organization\",\"name\":\"Nela\",\"url\":\"https:\\\/\\\/nela.care\\\/\",\"logo\":{\"@type\":\"ImageObject\",\"inLanguage\":\"de\",\"@id\":\"https:\\\/\\\/nela.care\\\/#\\\/schema\\\/logo\\\/image\\\/\",\"url\":\"https:\\\/\\\/nela.care\\\/wp-content\\\/uploads\\\/2024\\\/09\\\/Nela-Logo-Header.jpg\",\"contentUrl\":\"https:\\\/\\\/nela.care\\\/wp-content\\\/uploads\\\/2024\\\/09\\\/Nela-Logo-Header.jpg\",\"width\":480,\"height\":211,\"caption\":\"Nela\"},\"image\":{\"@id\":\"https:\\\/\\\/nela.care\\\/#\\\/schema\\\/logo\\\/image\\\/\"}}]}<\/script>\n<!-- \/ Yoast SEO plugin. -->","yoast_head_json":{"title":"Kontakt Nela | Carepath Technologies | Berlin","description":"Kontakt Nela | Carepath Technologies | Berlin. Unser Ziel: Technologie einen wesentlichen Beitrag zur Gesundheitsversorgung leisten.","robots":{"index":"index","follow":"follow","max-snippet":"max-snippet:-1","max-image-preview":"max-image-preview:large","max-video-preview":"max-video-preview:-1"},"canonical":"https:\/\/nela.care\/de\/kontakt\/","og_locale":"de_DE","og_type":"article","og_title":"Kontakt Nela | Carepath Technologies | Berlin","og_description":"Kontakt Nela | Carepath Technologies | Berlin. Unser Ziel: Technologie einen wesentlichen Beitrag zur Gesundheitsversorgung leisten.","og_url":"https:\/\/nela.care\/de\/kontakt\/","og_site_name":"Nela","article_modified_time":"2024-10-01T13:12:07+00:00","twitter_card":"summary_large_image","twitter_misc":{"Gesch\u00e4tzte Lesezeit":"1\u00a0Minute"},"schema":{"@context":"https:\/\/schema.org","@graph":[{"@type":"WebPage","@id":"https:\/\/nela.care\/de\/kontakt\/","url":"https:\/\/nela.care\/de\/kontakt\/","name":"Kontakt Nela | Carepath Technologies | Berlin","isPartOf":{"@id":"https:\/\/nela.care\/#website"},"datePublished":"2024-09-05T15:34:34+00:00","dateModified":"2024-10-01T13:12:07+00:00","description":"Kontakt Nela | Carepath Technologies | Berlin. Unser Ziel: Technologie einen wesentlichen Beitrag zur Gesundheitsversorgung leisten.","breadcrumb":{"@id":"https:\/\/nela.care\/de\/kontakt\/#breadcrumb"},"inLanguage":"de","potentialAction":[{"@type":"ReadAction","target":["https:\/\/nela.care\/de\/kontakt\/"]}]},{"@type":"BreadcrumbList","@id":"https:\/\/nela.care\/de\/kontakt\/#breadcrumb","itemListElement":[{"@type":"ListItem","position":1,"name":"Home","item":"https:\/\/nela.care\/de\/"},{"@type":"ListItem","position":2,"name":"Kontakt"}]},{"@type":"WebSite","@id":"https:\/\/nela.care\/#website","url":"https:\/\/nela.care\/","name":"Nela","description":"The Answer to Chronic Cough","publisher":{"@id":"https:\/\/nela.care\/#organization"},"potentialAction":[{"@type":"SearchAction","target":{"@type":"EntryPoint","urlTemplate":"https:\/\/nela.care\/?s={search_term_string}"},"query-input":{"@type":"PropertyValueSpecification","valueRequired":true,"valueName":"search_term_string"}}],"inLanguage":"de"},{"@type":"Organization","@id":"https:\/\/nela.care\/#organization","name":"Nela","url":"https:\/\/nela.care\/","logo":{"@type":"ImageObject","inLanguage":"de","@id":"https:\/\/nela.care\/#\/schema\/logo\/image\/","url":"https:\/\/nela.care\/wp-content\/uploads\/2024\/09\/Nela-Logo-Header.jpg","contentUrl":"https:\/\/nela.care\/wp-content\/uploads\/2024\/09\/Nela-Logo-Header.jpg","width":480,"height":211,"caption":"Nela"},"image":{"@id":"https:\/\/nela.care\/#\/schema\/logo\/image\/"}}]}},"_links":{"self":[{"href":"https:\/\/nela.care\/de\/wp-json\/wp\/v2\/pages\/5753","targetHints":{"allow":["GET"]}}],"collection":[{"href":"https:\/\/nela.care\/de\/wp-json\/wp\/v2\/pages"}],"about":[{"href":"https:\/\/nela.care\/de\/wp-json\/wp\/v2\/types\/page"}],"author":[{"embeddable":true,"href":"https:\/\/nela.care\/de\/wp-json\/wp\/v2\/users\/1"}],"replies":[{"embeddable":true,"href":"https:\/\/nela.care\/de\/wp-json\/wp\/v2\/comments?post=5753"}],"version-history":[{"count":5,"href":"https:\/\/nela.care\/de\/wp-json\/wp\/v2\/pages\/5753\/revisions"}],"predecessor-version":[{"id":5955,"href":"https:\/\/nela.care\/de\/wp-json\/wp\/v2\/pages\/5753\/revisions\/5955"}],"wp:attachment":[{"href":"https:\/\/nela.care\/de\/wp-json\/wp\/v2\/media?parent=5753"}],"curies":[{"name":"wp","href":"https:\/\/api.w.org\/{rel}","templated":true}]}}